{"id":358,"date":"2025-11-27T06:01:06","date_gmt":"2025-11-27T05:01:06","guid":{"rendered":"https:\/\/www.multiservicios3d.com\/?page_id=358"},"modified":"2025-11-28T14:34:46","modified_gmt":"2025-11-28T13:34:46","slug":"inicio","status":"publish","type":"page","link":"https:\/\/www.multiservicios3d.com\/?page_id=358","title":{"rendered":"inicio"},"content":{"rendered":"\t\t<div data-elementor-type=\"wp-post\" data-elementor-id=\"358\" class=\"elementor elementor-358\">\n\t\t\t\t<div class=\"elementor-element elementor-element-e8e191f e-flex e-con-boxed e-con e-parent\" data-id=\"e8e191f\" data-element_type=\"container\">\n\t\t\t\t\t<div class=\"e-con-inner\">\n\t\t\t\t\t<\/div>\n\t\t\t\t<\/div>\n\t\t<div class=\"elementor-element elementor-element-39a6f63 e-flex e-con-boxed e-con e-parent\" data-id=\"39a6f63\" data-element_type=\"container\">\n\t\t\t\t\t<div class=\"e-con-inner\">\n\t\t\t\t<div class=\"elementor-element elementor-element-01bceca elementor-widget elementor-widget-heading\" data-id=\"01bceca\" data-element_type=\"widget\" data-widget_type=\"heading.default\">\n\t\t\t\t\t<h1 class=\"elementor-heading-title elementor-size-default\">Tienda Multiservicios 3D<br><div class=\"elementor-element elementor-element-undefined-5162ca5 elementor-widget elementor-widget-heading\" data-id=\"undefined-5162ca5\" data-element_type=\"widget\" data-widget_type=\"heading.default\" style=\"margin-bottom: 0px;font-family: Raleway;font-size: 14px;font-style: normal;font-weight: 400;align-self: auto;flex: 0 1 auto;align-items: normal;flex-flow: row;gap: 0px;--widgets-spacing: 20px 20px;--widgets-spacing-row: 20px;--widgets-spacing-column: 20px;--kit-widget-spacing: 0px;text-align: center;max-width: 100%\"><h2 class=\"elementor-heading-title elementor-size-default\" style=\"line-height: 57.6px;font-family: Poppins, sans-serif;font-size: 48px;font-style: normal\">Nuestras Categor\u00edas<\/h2><\/div><div class=\"elementor-element elementor-element-undefined-7e37d7d elementor-widget elementor-widget-heading\" data-id=\"undefined-7e37d7d\" data-element_type=\"widget\" data-widget_type=\"heading.default\" style=\"font-family: Raleway;font-size: 14px;font-style: normal;font-weight: 400;align-self: auto;flex: 0 1 auto;align-items: normal;flex-flow: row;gap: 0px;--widgets-spacing: 20px 20px;--widgets-spacing-row: 20px;--widgets-spacing-column: 20px;text-align: center;max-width: 100%\"><h5 class=\"elementor-heading-title elementor-size-default\" style=\"line-height: 25.2px;font-family: Poppins, sans-serif;font-size: 18px;font-style: normal;letter-spacing: 0px\">Aqu\u00ed encontrar\u00e1s las categor\u00edas de productos que ofrecemos.<\/h5><\/div><\/h1>\t\t\t\t<\/div>\n\t\t\t\t\t<\/div>\n\t\t\t\t<\/div>\n\t\t<div class=\"elementor-element elementor-element-3d59e22 e-grid e-con-full e-con e-parent\" data-id=\"3d59e22\" data-element_type=\"container\">\n\t\t\t\t<div class=\"elementor-element elementor-element-6a62cf9 e-transform e-transform elementor-widget elementor-widget-image\" data-id=\"6a62cf9\" data-element_type=\"widget\" data-settings=\"{&quot;_animation&quot;:&quot;none&quot;,&quot;_transform_scale_effect_hover&quot;:{&quot;unit&quot;:&quot;px&quot;,&quot;size&quot;:1.1,&quot;sizes&quot;:[]},&quot;_transform_scaleX_effect&quot;:{&quot;unit&quot;:&quot;px&quot;,&quot;size&quot;:&quot;&quot;,&quot;sizes&quot;:[]},&quot;_transform_scaleX_effect_tablet&quot;:{&quot;unit&quot;:&quot;px&quot;,&quot;size&quot;:&quot;&quot;,&quot;sizes&quot;:[]},&quot;_transform_scaleX_effect_mobile&quot;:{&quot;unit&quot;:&quot;px&quot;,&quot;size&quot;:&quot;&quot;,&quot;sizes&quot;:[]},&quot;_transform_scaleY_effect&quot;:{&quot;unit&quot;:&quot;px&quot;,&quot;size&quot;:&quot;&quot;,&quot;sizes&quot;:[]},&quot;_transform_scaleY_effect_tablet&quot;:{&quot;unit&quot;:&quot;px&quot;,&quot;size&quot;:&quot;&quot;,&quot;sizes&quot;:[]},&quot;_transform_scaleY_effect_mobile&quot;:{&quot;unit&quot;:&quot;px&quot;,&quot;size&quot;:&quot;&quot;,&quot;sizes&quot;:[]},&quot;_transform_scale_effect_hover_tablet&quot;:{&quot;unit&quot;:&quot;px&quot;,&quot;size&quot;:&quot;&quot;,&quot;sizes&quot;:[]},&quot;_transform_scale_effect_hover_mobile&quot;:{&quot;unit&quot;:&quot;px&quot;,&quot;size&quot;:&quot;&quot;,&quot;sizes&quot;:[]}}\" data-widget_type=\"image.default\">\n\t\t\t\t\t\t\t\t\t\t\t\t\t\t\t<img fetchpriority=\"high\" decoding=\"async\" width=\"948\" height=\"1024\" src=\"https:\/\/www.multiservicios3d.com\/wp-content\/uploads\/2025\/11\/jugue-948x1024.png\" class=\"attachment-large size-large wp-image-362\" alt=\"\" srcset=\"https:\/\/www.multiservicios3d.com\/wp-content\/uploads\/2025\/11\/jugue-948x1024.png 948w, https:\/\/www.multiservicios3d.com\/wp-content\/uploads\/2025\/11\/jugue-278x300.png 278w, https:\/\/www.multiservicios3d.com\/wp-content\/uploads\/2025\/11\/jugue-768x829.png 768w, https:\/\/www.multiservicios3d.com\/wp-content\/uploads\/2025\/11\/jugue-454x490.png 454w, https:\/\/www.multiservicios3d.com\/wp-content\/uploads\/2025\/11\/jugue.png 1000w\" sizes=\"(max-width: 948px) 100vw, 948px\" \/>\t\t\t\t\t\t\t\t\t\t\t\t\t\t\t<\/div>\n\t\t\t\t<div class=\"elementor-element elementor-element-0d497fb elementor-widget elementor-widget-heading\" data-id=\"0d497fb\" data-element_type=\"widget\" data-widget_type=\"heading.default\">\n\t\t\t\t\t<h2 class=\"elementor-heading-title elementor-size-default\">A\u00f1ade aqu\u00ed tu texto de cabecera<\/h2>\t\t\t\t<\/div>\n\t\t\t\t<\/div>\n\t\t\t\t<\/div>\n\t\t","protected":false},"excerpt":{"rendered":"<p>Tienda Multiservicios 3D Nuestras Categor\u00edas Aqu\u00ed encontrar\u00e1s las categor\u00edas de productos que ofrecemos. A\u00f1ade aqu\u00ed tu texto de cabecera<\/p>\n","protected":false},"author":1,"featured_media":0,"parent":0,"menu_order":0,"comment_status":"closed","ping_status":"closed","template":"","meta":{"ocean_post_layout":"","ocean_both_sidebars_style":"","ocean_both_sidebars_content_width":0,"ocean_both_sidebars_sidebars_width":0,"ocean_sidebar":"","ocean_second_sidebar":"","ocean_disable_margins":"enable","ocean_add_body_class":"","ocean_shortcode_before_top_bar":"","ocean_shortcode_after_top_bar":"","ocean_shortcode_before_header":"","ocean_shortcode_after_header":"","ocean_has_shortcode":"","ocean_shortcode_after_title":"","ocean_shortcode_before_footer_widgets":"","ocean_shortcode_after_footer_widgets":"","ocean_shortcode_before_footer_bottom":"","ocean_shortcode_after_footer_bottom":"","ocean_display_top_bar":"default","ocean_display_header":"default","ocean_header_style":"","ocean_center_header_left_menu":"","ocean_custom_header_template":"","ocean_custom_logo":0,"ocean_custom_retina_logo":0,"ocean_custom_logo_max_width":0,"ocean_custom_logo_tablet_max_width":0,"ocean_custom_logo_mobile_max_width":0,"ocean_custom_logo_max_height":0,"ocean_custom_logo_tablet_max_height":0,"ocean_custom_logo_mobile_max_height":0,"ocean_header_custom_menu":"","ocean_menu_typo_font_family":"","ocean_menu_typo_font_subset":"","ocean_menu_typo_font_size":0,"ocean_menu_typo_font_size_tablet":0,"ocean_menu_typo_font_size_mobile":0,"ocean_menu_typo_font_size_unit":"px","ocean_menu_typo_font_weight":"","ocean_menu_typo_font_weight_tablet":"","ocean_menu_typo_font_weight_mobile":"","ocean_menu_typo_transform":"","ocean_menu_typo_transform_tablet":"","ocean_menu_typo_transform_mobile":"","ocean_menu_typo_line_height":0,"ocean_menu_typo_line_height_tablet":0,"ocean_menu_typo_line_height_mobile":0,"ocean_menu_typo_line_height_unit":"","ocean_menu_typo_spacing":0,"ocean_menu_typo_spacing_tablet":0,"ocean_menu_typo_spacing_mobile":0,"ocean_menu_typo_spacing_unit":"","ocean_menu_link_color":"","ocean_menu_link_color_hover":"","ocean_menu_link_color_active":"","ocean_menu_link_background":"","ocean_menu_link_hover_background":"","ocean_menu_link_active_background":"","ocean_menu_social_links_bg":"","ocean_menu_social_hover_links_bg":"","ocean_menu_social_links_color":"","ocean_menu_social_hover_links_color":"","ocean_disable_title":"default","ocean_disable_heading":"default","ocean_post_title":"","ocean_post_subheading":"","ocean_post_title_style":"","ocean_post_title_background_color":"","ocean_post_title_background":0,"ocean_post_title_bg_image_position":"","ocean_post_title_bg_image_attachment":"","ocean_post_title_bg_image_repeat":"","ocean_post_title_bg_image_size":"","ocean_post_title_height":0,"ocean_post_title_bg_overlay":0.5,"ocean_post_title_bg_overlay_color":"","ocean_disable_breadcrumbs":"default","ocean_breadcrumbs_color":"","ocean_breadcrumbs_separator_color":"","ocean_breadcrumbs_links_color":"","ocean_breadcrumbs_links_hover_color":"","ocean_display_footer_widgets":"default","ocean_display_footer_bottom":"default","ocean_custom_footer_template":"","omw_enable_modal_window":"enable","footnotes":""},"class_list":["post-358","page","type-page","status-publish","hentry","entry","owp-thumbs-layout-horizontal","owp-btn-normal","owp-tabs-layout-horizontal","has-no-thumbnails","has-product-nav","circle-sale"],"_links":{"self":[{"href":"https:\/\/www.multiservicios3d.com\/index.php?rest_route=\/wp\/v2\/pages\/358","targetHints":{"allow":["GET"]}}],"collection":[{"href":"https:\/\/www.multiservicios3d.com\/index.php?rest_route=\/wp\/v2\/pages"}],"about":[{"href":"https:\/\/www.multiservicios3d.com\/index.php?rest_route=\/wp\/v2\/types\/page"}],"author":[{"embeddable":true,"href":"https:\/\/www.multiservicios3d.com\/index.php?rest_route=\/wp\/v2\/users\/1"}],"replies":[{"embeddable":true,"href":"https:\/\/www.multiservicios3d.com\/index.php?rest_route=%2Fwp%2Fv2%2Fcomments&post=358"}],"version-history":[{"count":19,"href":"https:\/\/www.multiservicios3d.com\/index.php?rest_route=\/wp\/v2\/pages\/358\/revisions"}],"predecessor-version":[{"id":393,"href":"https:\/\/www.multiservicios3d.com\/index.php?rest_route=\/wp\/v2\/pages\/358\/revisions\/393"}],"wp:attachment":[{"href":"https:\/\/www.multiservicios3d.com\/index.php?rest_route=%2Fwp%2Fv2%2Fmedia&parent=358"}],"curies":[{"name":"wp","href":"https:\/\/api.w.org\/{rel}","templated":true}]}}